{"id":1616,"date":"2023-07-05T10:06:54","date_gmt":"2023-07-05T08:06:54","guid":{"rendered":"https:\/\/murailles.ch\/notre-marque\/histoire-des-murailles\/"},"modified":"2024-01-08T15:39:47","modified_gmt":"2024-01-08T14:39:47","slug":"geschichte","status":"publish","type":"page","link":"https:\/\/murailles.ch\/de\/marke\/geschichte\/","title":{"rendered":"Die Murailles-Geschichte"},"content":{"rendered":"\n\n<section class=\"gut-block gut-hero bg-color-none with-bg-img\" >\n            <div class=\"bg-img\">\n            <img decoding=\"async\" width=\"1920\" height=\"716\" src=\"https:\/\/murailles.ch\/wp-content\/uploads\/2023\/06\/cover.jpg\" class=\"attachment-banner size-banner\" alt=\"L&#039;artiste peintre d&#039;Aigle Fr\u00e9d\u00e9ric Rouge dans son atelier dessinant l&#039;\u00e9tiquette du vin des Murailles.\" srcset=\"https:\/\/murailles.ch\/wp-content\/uploads\/2023\/06\/cover.jpg 1920w, https:\/\/murailles.ch\/wp-content\/uploads\/2023\/06\/cover-300x112.jpg 300w, https:\/\/murailles.ch\/wp-content\/uploads\/2023\/06\/cover-1024x382.jpg 1024w, https:\/\/murailles.ch\/wp-content\/uploads\/2023\/06\/cover-768x286.jpg 768w, https:\/\/murailles.ch\/wp-content\/uploads\/2023\/06\/cover-1536x573.jpg 1536w\" sizes=\"(max-width: 1920px) 100vw, 1920px\" \/>        <\/div>\n        \n    <div class=\"wrap\">\n        <ul class=\"breadcrumb\">\n    <li>\n        <a href=\"https:\/\/murailles.ch\/de\/\">Murailles Weine<\/a>\n    <\/li>\n\n            <li>\n            <a href=\"https:\/\/murailles.ch\/de\/marke-murailles\/\">Die Marke Murailles<\/a>\n        <\/li>\n    \n    \n    <li>\n        <span class=\"current\">Die Murailles-Geschichte<\/span>\n    <\/li>\n<\/ul>        \n        <div class=\"content\">\n            <h1 class=\"block-title title-h1\">\n                                    Die Murailles-Geschichte                            <\/h1>\n\n            \n            \n                    <\/div>\n    <\/div>\n<\/section>\n\n\n\n<section class=\"gut-block gut-timeline bg-color-none\" >\n    <div class=\"wrap\">\n                    <div class=\"block-header\">\n                                    <h2 class=\"block-title title-h2\">\n                        \u00dcber 100 Jahre im Zeichen von Passion und Exzellenz                    <\/h2>\n                                \n                                    <div class=\"block-intro wysiwyg-content\">\n                        <p><strong>1908<\/strong> schrieb Henri Badoux die ersten Zeilen der Geschichte des <a href=\"https:\/\/murailles.ch\/de\/nos-vins\/vin-aigle-murailles-blanc\/\">Aigle les Murailles<\/a>: Es war einmal ein kleines <strong>Weingu<\/strong>t im Chablais, das dereinst zur Quelle von <strong>Exzellenz und Passion<\/strong> werden w\u00fcrde. Heute, 100 Jahre sp\u00e4ter, bezeichnen wir die jahrhundertealten Rebberge als die Geburtsst\u00e4tte des ber\u00fchmten Aigle les Murailles.<\/p>\n                    <\/div>\n                            <\/div>\n                \n        <div class=\"timeline\">\n                            <div class=\"item\">\n                                            <div class=\"item-img\">\n                            <div class=\"img\">\n                                <img decoding=\"async\" width=\"640\" height=\"480\" src=\"https:\/\/murailles.ch\/wp-content\/uploads\/2023\/08\/histoire-murailles-henri-badoux-aigle-achat-clos.jpg\" class=\"attachment-large size-large\" alt=\"Les vignes d&#039;Aigle, dans le vignoble du Clos des Murailles, avec ses murs en pierres s\u00e8ches.\" srcset=\"https:\/\/murailles.ch\/wp-content\/uploads\/2023\/08\/histoire-murailles-henri-badoux-aigle-achat-clos.jpg 800w, https:\/\/murailles.ch\/wp-content\/uploads\/2023\/08\/histoire-murailles-henri-badoux-aigle-achat-clos-300x225.jpg 300w, https:\/\/murailles.ch\/wp-content\/uploads\/2023\/08\/histoire-murailles-henri-badoux-aigle-achat-clos-768x576.jpg 768w\" sizes=\"(max-width: 640px) 100vw, 640px\" \/>                            <\/div>\n                        <\/div>\n                                        \n                    <div class=\"content\">\n                        <h3 class=\"item-title\">\n                            Kauf des Weinbergs Clos des Murailles                        <\/h3>\n                        \n                                                    <div class=\"item-text wysiwyg-content\">\n                                <p>1908 erwarb<strong> Henri Badoux<\/strong> in weiser Voraussicht die Rebparzellen im <a href=\"https:\/\/murailles.ch\/de\/marke\/reblage\/\">Clos des Murailles<\/a>, dem symboltr\u00e4chtigen Weinberg von <strong>Aigle<\/strong>, mit seiner optimalen S\u00fcdlage und seinen schwindelerregend steilen Terrassen.<\/p>\n                            <\/div>\n                                            <\/div>\n                <\/div>\n                            <div class=\"item\">\n                                            <div class=\"item-img\">\n                            <div class=\"img\">\n                                <img decoding=\"async\" width=\"467\" height=\"283\" src=\"https:\/\/murailles.ch\/wp-content\/uploads\/2023\/08\/Notre-histoire_1918_2_476x283-1.png\" class=\"attachment-large size-large\" alt=\"L&#039;artiste peintre d&#039;Aigle Fr\u00e9d\u00e9ric Rouge dans son atelier dessinant l&#039;\u00e9tiquette du vin des Murailles.\" srcset=\"https:\/\/murailles.ch\/wp-content\/uploads\/2023\/08\/Notre-histoire_1918_2_476x283-1.png 467w, https:\/\/murailles.ch\/wp-content\/uploads\/2023\/08\/Notre-histoire_1918_2_476x283-1-300x182.png 300w\" sizes=\"(max-width: 467px) 100vw, 467px\" \/>                            <\/div>\n                        <\/div>\n                                        \n                    <div class=\"content\">\n                        <h3 class=\"item-title\">\n                            Etikett des Aigle les Murailles                        <\/h3>\n                        \n                                                    <div class=\"item-text wysiwyg-content\">\n                                <p>Der aus Aigle stammende <strong>Maler<\/strong> <a href=\"https:\/\/www.frederic-rouge-peintre.ch\/\" target=\"_blank\" rel=\"noopener\">Fr\u00e9d\u00e9ric Rouge<\/a> schuf 1918 inspiriert von der ihn umgebenden Natur das Etikett f\u00fcr den Aigle les Murailles. Dieses blieb seither unver\u00e4ndert und ziert auch heute noch alle <strong>Murailles-Flaschen<\/strong>.<\/p>\n                            <\/div>\n                                            <\/div>\n                <\/div>\n                            <div class=\"item\">\n                                            <div class=\"item-img\">\n                            <div class=\"img\">\n                                <img decoding=\"async\" width=\"640\" height=\"480\" src=\"https:\/\/murailles.ch\/wp-content\/uploads\/2023\/08\/histoire-murailles-henri-badoux-aigle-3-generations.jpg\" class=\"attachment-large size-large\" alt=\"3 g\u00e9n\u00e9rations de la famille d&#039;Henri Badoux, dans les vignes, face aux vignoble des Murailles.\" srcset=\"https:\/\/murailles.ch\/wp-content\/uploads\/2023\/08\/histoire-murailles-henri-badoux-aigle-3-generations.jpg 800w, https:\/\/murailles.ch\/wp-content\/uploads\/2023\/08\/histoire-murailles-henri-badoux-aigle-3-generations-300x225.jpg 300w, https:\/\/murailles.ch\/wp-content\/uploads\/2023\/08\/histoire-murailles-henri-badoux-aigle-3-generations-768x576.jpg 768w\" sizes=\"(max-width: 640px) 100vw, 640px\" \/>                            <\/div>\n                        <\/div>\n                                        \n                    <div class=\"content\">\n                        <h3 class=\"item-title\">\n                            3 Generationen der Familie Badoux                        <\/h3>\n                        \n                                                    <div class=\"item-text wysiwyg-content\">\n                                <p>Pendant plus de 100 ans, les g\u00e9n\u00e9rations de la famille d\u2019<strong>Henri Badoux<\/strong> se succ\u00e8dent \u00e0 la t\u00eate de l\u2019entreprise. Tradition, savoir-faire et passion permettent \u00e0 l\u2019<a href=\"https:\/\/murailles.ch\/de\/nos-vins\/vin-aigle-murailles-blanc\/\">Aigle les Murailles<\/a> de se faire connaitre \u00e0 travers toute la <strong>Suisse<\/strong>.<\/p>\n                            <\/div>\n                                            <\/div>\n                <\/div>\n                            <div class=\"item\">\n                                            <div class=\"item-img\">\n                            <div class=\"img\">\n                                <img decoding=\"async\" width=\"640\" height=\"426\" src=\"https:\/\/murailles.ch\/wp-content\/uploads\/2023\/08\/histoire-murailles-henri-badoux-aigle-5-vins.jpg\" class=\"attachment-large size-large\" alt=\"Mise en bouteille des vins des Murailles, de la Maison Henri Badoux.\" srcset=\"https:\/\/murailles.ch\/wp-content\/uploads\/2023\/08\/histoire-murailles-henri-badoux-aigle-5-vins.jpg 800w, https:\/\/murailles.ch\/wp-content\/uploads\/2023\/08\/histoire-murailles-henri-badoux-aigle-5-vins-300x200.jpg 300w, https:\/\/murailles.ch\/wp-content\/uploads\/2023\/08\/histoire-murailles-henri-badoux-aigle-5-vins-768x512.jpg 768w\" sizes=\"(max-width: 640px) 100vw, 640px\" \/>                            <\/div>\n                        <\/div>\n                                        \n                    <div class=\"content\">\n                        <h3 class=\"item-title\">\n                            Die 5 Weine der Murailles-Familie                        <\/h3>\n                        \n                                                    <div class=\"item-text wysiwyg-content\">\n                                <p>Den Aigle les Murailles gibt es aktuell in Form von <strong>5 Crus<\/strong>: Weiss, Rot, Ros\u00e9, Brut und Brut Ros\u00e9.<\/p>\n                            <\/div>\n                                            <\/div>\n                <\/div>\n                            <div class=\"item\">\n                                        \n                    <div class=\"content\">\n                        <h3 class=\"item-title\">\n                            Und wie steht es um die Zukunft?                        <\/h3>\n                        \n                                                    <div class=\"item-text wysiwyg-content\">\n                                <p>Sagt man nicht: \u00abUnsere Zukunft steht in den Sternen \u00bb? F\u00fcr uns liegt die Zukunft im <strong>Weinberg<\/strong> und vor allem in unseren H\u00e4nden. Denn allein der nachhaltige Umgang mit unseren Ressourcen wird es nachfolgenden Generationen erm\u00f6glichen, auch k\u00fcnftig in den Genuss unserer <strong>Murailles-Weine<\/strong> zu kommen.<\/p>\n                            <\/div>\n                                            <\/div>\n                <\/div>\n                    <\/div>\n    <\/div>\n<\/section>","protected":false},"excerpt":{"rendered":"","protected":false},"author":1,"featured_media":2880,"parent":779,"menu_order":0,"comment_status":"closed","ping_status":"closed","template":"","meta":{"_acf_changed":false,"inline_featured_image":false,"footnotes":""},"acf":[],"yoast_head":"<!-- This site is optimized with the Yoast SEO plugin v24.5 - https:\/\/yoast.com\/wordpress\/plugins\/seo\/ -->\n<title>Murailles-Geschichte - Weine Henri Badoux<\/title>\n<meta name=\"description\" content=\"Vor \u00fcber 100 Jahren von Henri Badoux gegr\u00fcndet, finden Sie hier die ganze Geschichte des ikonischen Aigle les Murailles, dem Wein der Eidechse.\" \/>\n<meta name=\"robots\" content=\"index, follow, max-snippet:-1, max-image-preview:large, max-video-preview:-1\" \/>\n<link rel=\"canonical\" href=\"https:\/\/murailles.ch\/de\/marke\/geschichte\/\" \/>\n<meta property=\"og:locale\" content=\"de_DE\" \/>\n<meta property=\"og:type\" content=\"article\" \/>\n<meta property=\"og:title\" content=\"Murailles-Geschichte - Weine Henri Badoux\" \/>\n<meta property=\"og:description\" content=\"Vor \u00fcber 100 Jahren von Henri Badoux gegr\u00fcndet, finden Sie hier die ganze Geschichte des ikonischen Aigle les Murailles, dem Wein der Eidechse.\" \/>\n<meta property=\"og:url\" content=\"https:\/\/murailles.ch\/de\/marke\/geschichte\/\" \/>\n<meta property=\"og:site_name\" content=\"Murailles\" \/>\n<meta property=\"article:modified_time\" content=\"2024-01-08T14:39:47+00:00\" \/>\n<meta property=\"og:image\" content=\"https:\/\/murailles.ch\/wp-content\/uploads\/2023\/12\/murailles-vigne-vin-suisse-henri-badoux-aigle.jpg\" \/>\n\t<meta property=\"og:image:width\" content=\"400\" \/>\n\t<meta property=\"og:image:height\" content=\"400\" \/>\n\t<meta property=\"og:image:type\" content=\"image\/jpeg\" \/>\n<meta name=\"twitter:card\" content=\"summary_large_image\" \/>\n<meta name=\"twitter:label1\" content=\"Gesch\u00e4tzte Lesezeit\" \/>\n\t<meta name=\"twitter:data1\" content=\"2\u00a0Minuten\" \/>\n<script type=\"application\/ld+json\" class=\"yoast-schema-graph\">{\"@context\":\"https:\/\/schema.org\",\"@graph\":[{\"@type\":\"WebPage\",\"@id\":\"https:\/\/murailles.ch\/de\/marke\/geschichte\/\",\"url\":\"https:\/\/murailles.ch\/de\/marke\/geschichte\/\",\"name\":\"Murailles-Geschichte - Weine Henri Badoux\",\"isPartOf\":{\"@id\":\"https:\/\/murailles.ch\/de\/#website\"},\"primaryImageOfPage\":{\"@id\":\"https:\/\/murailles.ch\/de\/marke\/geschichte\/#primaryimage\"},\"image\":{\"@id\":\"https:\/\/murailles.ch\/de\/marke\/geschichte\/#primaryimage\"},\"thumbnailUrl\":\"https:\/\/murailles.ch\/wp-content\/uploads\/2023\/12\/murailles-vigne-vin-suisse-henri-badoux-aigle.jpg\",\"datePublished\":\"2023-07-05T08:06:54+00:00\",\"dateModified\":\"2024-01-08T14:39:47+00:00\",\"description\":\"Vor \u00fcber 100 Jahren von Henri Badoux gegr\u00fcndet, finden Sie hier die ganze Geschichte des ikonischen Aigle les Murailles, dem Wein der Eidechse.\",\"breadcrumb\":{\"@id\":\"https:\/\/murailles.ch\/de\/marke\/geschichte\/#breadcrumb\"},\"inLanguage\":\"de\",\"potentialAction\":[{\"@type\":\"ReadAction\",\"target\":[\"https:\/\/murailles.ch\/de\/marke\/geschichte\/\"]}]},{\"@type\":\"ImageObject\",\"inLanguage\":\"de\",\"@id\":\"https:\/\/murailles.ch\/de\/marke\/geschichte\/#primaryimage\",\"url\":\"https:\/\/murailles.ch\/wp-content\/uploads\/2023\/12\/murailles-vigne-vin-suisse-henri-badoux-aigle.jpg\",\"contentUrl\":\"https:\/\/murailles.ch\/wp-content\/uploads\/2023\/12\/murailles-vigne-vin-suisse-henri-badoux-aigle.jpg\",\"width\":400,\"height\":400},{\"@type\":\"BreadcrumbList\",\"@id\":\"https:\/\/murailles.ch\/de\/marke\/geschichte\/#breadcrumb\",\"itemListElement\":[{\"@type\":\"ListItem\",\"position\":1,\"name\":\"Accueil\",\"item\":\"https:\/\/murailles.ch\/de\/\"},{\"@type\":\"ListItem\",\"position\":2,\"name\":\"Die Marke Murailles\",\"item\":\"https:\/\/murailles.ch\/de\/marke-murailles\/\"},{\"@type\":\"ListItem\",\"position\":3,\"name\":\"Die Murailles-Geschichte\"}]},{\"@type\":\"WebSite\",\"@id\":\"https:\/\/murailles.ch\/de\/#website\",\"url\":\"https:\/\/murailles.ch\/de\/\",\"name\":\"Murailles\",\"description\":\"\",\"publisher\":{\"@id\":\"https:\/\/murailles.ch\/de\/#organization\"},\"potentialAction\":[{\"@type\":\"SearchAction\",\"target\":{\"@type\":\"EntryPoint\",\"urlTemplate\":\"https:\/\/murailles.ch\/de\/?s={search_term_string}\"},\"query-input\":{\"@type\":\"PropertyValueSpecification\",\"valueRequired\":true,\"valueName\":\"search_term_string\"}}],\"inLanguage\":\"de\"},{\"@type\":\"Organization\",\"@id\":\"https:\/\/murailles.ch\/de\/#organization\",\"name\":\"Murailles\",\"url\":\"https:\/\/murailles.ch\/de\/\",\"logo\":{\"@type\":\"ImageObject\",\"inLanguage\":\"de\",\"@id\":\"https:\/\/murailles.ch\/de\/#\/schema\/logo\/image\/\",\"url\":\"https:\/\/murailles.ch\/wp-content\/uploads\/2023\/06\/logo-murailles.svg\",\"contentUrl\":\"https:\/\/murailles.ch\/wp-content\/uploads\/2023\/06\/logo-murailles.svg\",\"width\":119,\"height\":40,\"caption\":\"Murailles\"},\"image\":{\"@id\":\"https:\/\/murailles.ch\/de\/#\/schema\/logo\/image\/\"}}]}<\/script>\n<!-- \/ Yoast SEO plugin. -->","yoast_head_json":{"title":"Murailles-Geschichte - Weine Henri Badoux","description":"Vor \u00fcber 100 Jahren von Henri Badoux gegr\u00fcndet, finden Sie hier die ganze Geschichte des ikonischen Aigle les Murailles, dem Wein der Eidechse.","robots":{"index":"index","follow":"follow","max-snippet":"max-snippet:-1","max-image-preview":"max-image-preview:large","max-video-preview":"max-video-preview:-1"},"canonical":"https:\/\/murailles.ch\/de\/marke\/geschichte\/","og_locale":"de_DE","og_type":"article","og_title":"Murailles-Geschichte - Weine Henri Badoux","og_description":"Vor \u00fcber 100 Jahren von Henri Badoux gegr\u00fcndet, finden Sie hier die ganze Geschichte des ikonischen Aigle les Murailles, dem Wein der Eidechse.","og_url":"https:\/\/murailles.ch\/de\/marke\/geschichte\/","og_site_name":"Murailles","article_modified_time":"2024-01-08T14:39:47+00:00","og_image":[{"width":400,"height":400,"url":"https:\/\/murailles.ch\/wp-content\/uploads\/2023\/12\/murailles-vigne-vin-suisse-henri-badoux-aigle.jpg","type":"image\/jpeg"}],"twitter_card":"summary_large_image","twitter_misc":{"Gesch\u00e4tzte Lesezeit":"2\u00a0Minuten"},"schema":{"@context":"https:\/\/schema.org","@graph":[{"@type":"WebPage","@id":"https:\/\/murailles.ch\/de\/marke\/geschichte\/","url":"https:\/\/murailles.ch\/de\/marke\/geschichte\/","name":"Murailles-Geschichte - Weine Henri Badoux","isPartOf":{"@id":"https:\/\/murailles.ch\/de\/#website"},"primaryImageOfPage":{"@id":"https:\/\/murailles.ch\/de\/marke\/geschichte\/#primaryimage"},"image":{"@id":"https:\/\/murailles.ch\/de\/marke\/geschichte\/#primaryimage"},"thumbnailUrl":"https:\/\/murailles.ch\/wp-content\/uploads\/2023\/12\/murailles-vigne-vin-suisse-henri-badoux-aigle.jpg","datePublished":"2023-07-05T08:06:54+00:00","dateModified":"2024-01-08T14:39:47+00:00","description":"Vor \u00fcber 100 Jahren von Henri Badoux gegr\u00fcndet, finden Sie hier die ganze Geschichte des ikonischen Aigle les Murailles, dem Wein der Eidechse.","breadcrumb":{"@id":"https:\/\/murailles.ch\/de\/marke\/geschichte\/#breadcrumb"},"inLanguage":"de","potentialAction":[{"@type":"ReadAction","target":["https:\/\/murailles.ch\/de\/marke\/geschichte\/"]}]},{"@type":"ImageObject","inLanguage":"de","@id":"https:\/\/murailles.ch\/de\/marke\/geschichte\/#primaryimage","url":"https:\/\/murailles.ch\/wp-content\/uploads\/2023\/12\/murailles-vigne-vin-suisse-henri-badoux-aigle.jpg","contentUrl":"https:\/\/murailles.ch\/wp-content\/uploads\/2023\/12\/murailles-vigne-vin-suisse-henri-badoux-aigle.jpg","width":400,"height":400},{"@type":"BreadcrumbList","@id":"https:\/\/murailles.ch\/de\/marke\/geschichte\/#breadcrumb","itemListElement":[{"@type":"ListItem","position":1,"name":"Accueil","item":"https:\/\/murailles.ch\/de\/"},{"@type":"ListItem","position":2,"name":"Die Marke Murailles","item":"https:\/\/murailles.ch\/de\/marke-murailles\/"},{"@type":"ListItem","position":3,"name":"Die Murailles-Geschichte"}]},{"@type":"WebSite","@id":"https:\/\/murailles.ch\/de\/#website","url":"https:\/\/murailles.ch\/de\/","name":"Murailles","description":"","publisher":{"@id":"https:\/\/murailles.ch\/de\/#organization"},"potentialAction":[{"@type":"SearchAction","target":{"@type":"EntryPoint","urlTemplate":"https:\/\/murailles.ch\/de\/?s={search_term_string}"},"query-input":{"@type":"PropertyValueSpecification","valueRequired":true,"valueName":"search_term_string"}}],"inLanguage":"de"},{"@type":"Organization","@id":"https:\/\/murailles.ch\/de\/#organization","name":"Murailles","url":"https:\/\/murailles.ch\/de\/","logo":{"@type":"ImageObject","inLanguage":"de","@id":"https:\/\/murailles.ch\/de\/#\/schema\/logo\/image\/","url":"https:\/\/murailles.ch\/wp-content\/uploads\/2023\/06\/logo-murailles.svg","contentUrl":"https:\/\/murailles.ch\/wp-content\/uploads\/2023\/06\/logo-murailles.svg","width":119,"height":40,"caption":"Murailles"},"image":{"@id":"https:\/\/murailles.ch\/de\/#\/schema\/logo\/image\/"}}]}},"_links":{"self":[{"href":"https:\/\/murailles.ch\/de\/wp-json\/wp\/v2\/pages\/1616"}],"collection":[{"href":"https:\/\/murailles.ch\/de\/wp-json\/wp\/v2\/pages"}],"about":[{"href":"https:\/\/murailles.ch\/de\/wp-json\/wp\/v2\/types\/page"}],"author":[{"embeddable":true,"href":"https:\/\/murailles.ch\/de\/wp-json\/wp\/v2\/users\/1"}],"replies":[{"embeddable":true,"href":"https:\/\/murailles.ch\/de\/wp-json\/wp\/v2\/comments?post=1616"}],"version-history":[{"count":8,"href":"https:\/\/murailles.ch\/de\/wp-json\/wp\/v2\/pages\/1616\/revisions"}],"predecessor-version":[{"id":3153,"href":"https:\/\/murailles.ch\/de\/wp-json\/wp\/v2\/pages\/1616\/revisions\/3153"}],"up":[{"embeddable":true,"href":"https:\/\/murailles.ch\/de\/wp-json\/wp\/v2\/pages\/779"}],"wp:featuredmedia":[{"embeddable":true,"href":"https:\/\/murailles.ch\/de\/wp-json\/wp\/v2\/media\/2880"}],"wp:attachment":[{"href":"https:\/\/murailles.ch\/de\/wp-json\/wp\/v2\/media?parent=1616"}],"curies":[{"name":"wp","href":"https:\/\/api.w.org\/{rel}","templated":true}]}}