{"id":779,"date":"2023-06-26T11:40:50","date_gmt":"2023-06-26T09:40:50","guid":{"rendered":"https:\/\/murailles.ch\/notre-marque\/"},"modified":"2024-01-08T15:38:34","modified_gmt":"2024-01-08T14:38:34","slug":"marke-murailles","status":"publish","type":"page","link":"https:\/\/murailles.ch\/de\/marke-murailles\/","title":{"rendered":"Die Marke Murailles"},"content":{"rendered":"\n\n<section class=\"gut-block gut-hero bg-color-none \" >\n        \n    <div class=\"wrap\">\n        <ul class=\"breadcrumb\">\n    <li>\n        <a href=\"https:\/\/murailles.ch\/de\/\">Murailles Weine<\/a>\n    <\/li>\n\n    \n    \n    <li>\n        <span class=\"current\">Die Marke Murailles<\/span>\n    <\/li>\n<\/ul>        \n        <div class=\"content\">\n            <h1 class=\"block-title title-h1\">\n                                    Die Marke Murailles                            <\/h1>\n\n                            <div class=\"picto\">\n                    <img decoding=\"async\" width=\"170\" height=\"170\" src=\"https:\/\/murailles.ch\/wp-content\/uploads\/2023\/06\/picto-marque.png\" class=\"attachment-large size-large\" alt=\"Le l\u00e9zard embl\u00e8me des vins des Murailles d&#039;Aigle de la Maison Henri Badoux, en Suisse.\" srcset=\"https:\/\/murailles.ch\/wp-content\/uploads\/2023\/06\/picto-marque.png 170w, https:\/\/murailles.ch\/wp-content\/uploads\/2023\/06\/picto-marque-150x150.png 150w\" sizes=\"(max-width: 170px) 100vw, 170px\" \/>                <\/div>\n            \n                            <div class=\"block-intro wysiwyg-content\">\n                    <p>Den <a href=\"https:\/\/murailles.ch\/de\/weine\/aigle-murailles\/\">Aigle les Murailles<\/a> gibt es seit nunmehr \u00fcber <a href=\"https:\/\/murailles.ch\/de\/marke\/geschichte\/\">100 Jahren<\/a>. Im historischen, terrassenf\u00f6rmig angelegten Weinberg im Waadtl\u00e4nder Chablais dienen Trockensteinmauern als St\u00fctzelemente.<\/p>\n<p>Mit seiner <strong>Eleganz, Fruchtigkeit<\/strong> und raffinierten Mineralit\u00e4t \u00fcberwindet unser Wein Grenzen, um m\u00f6glichst viele Weinliebhaber zu begeistern.<\/p>\n<p>Heute ist der <a href=\"https:\/\/murailles.ch\/de\/nos-vins\/vin-aigle-murailles-blanc\/\">Aigle les Murailles<\/a> der Erstgeborene unter den <strong>f\u00fcnf Cru<\/strong>-Geschwistern: Murailles Rot, Murailles Ros\u00e9, Murailles Brut und Murailles Brut Ros\u00e9.<\/p>\n                <\/div>\n            \n                    <\/div>\n    <\/div>\n<\/section>\n\n\n\n<section class=\"gut-block gut-contenu-50-50 disposition-right bg-color-vert\" >\n            <div class=\"img\">\n            <img decoding=\"async\" width=\"960\" height=\"831\" src=\"https:\/\/murailles.ch\/wp-content\/uploads\/2023\/10\/vignoble-henri-badoux-aigle-vin-murailles.jpg\" class=\"attachment-banner size-banner\" alt=\"Weinberg Clos des Murailles in Aigle, Trauben f\u00fcr den ber\u00fchmten Chasselas-Wei\u00dfwein aus dem Haus Henri Badoux.\" srcset=\"https:\/\/murailles.ch\/wp-content\/uploads\/2023\/10\/vignoble-henri-badoux-aigle-vin-murailles.jpg 960w, https:\/\/murailles.ch\/wp-content\/uploads\/2023\/10\/vignoble-henri-badoux-aigle-vin-murailles-300x260.jpg 300w, https:\/\/murailles.ch\/wp-content\/uploads\/2023\/10\/vignoble-henri-badoux-aigle-vin-murailles-768x665.jpg 768w\" sizes=\"(max-width: 960px) 100vw, 960px\" \/>        <\/div>\n    \n    <div class=\"content\">\n                    <h2 class=\"block-title title-h2\">\n                Die Rebterrassen  &#8222;Clos des Murailles&#8220;            <\/h2>\n        \n                    <div class=\"block-texte wysiwyg-content light\">\n                <p>Die von ihrer <strong>Terrassierung<\/strong> gepr\u00e4gte Reblage Les Murailles thront majest\u00e4tisch inmitten des Waadtl\u00e4nder Chablais. In dieser grandiosen Region befindet sich die Geburtsst\u00e4tte des symboltr\u00e4chtigen Chasselas Aigle les Murailles.<\/p>\n<p>Die Rebanlage ist mit Trockensteinmauern durchbrochen. Die <strong>Trauben<\/strong> profitieren von der sonnenverw\u00f6hnten S\u00fcdlage und dem milden Klima, das vom im Rhonetal typischen, warmen F\u00f6hnwind herr\u00fchrt.<\/p>\n            <\/div>\n        \n                    <div class=\"cta-container\">\n                <a href=\"https:\/\/murailles.ch\/de\/marke\/reblage\/\" target=\"_self\" class=\"link\">Unsere Reblage<\/a>\n            <\/div>\n            <\/div>\n<\/section>\n\n\n\n<section class=\"gut-block gut-contenu-50-50 disposition-left bg-color-none\" >\n            <div class=\"img\">\n            <img decoding=\"async\" width=\"757\" height=\"600\" src=\"https:\/\/murailles.ch\/wp-content\/uploads\/2023\/09\/Etiquette-vin-murailles-blanc-henri-badoux-e1695634834516.jpg\" class=\"attachment-banner size-banner\" alt=\"etiquette vin bouteille aigle les muraille chablais aoc\" srcset=\"https:\/\/murailles.ch\/wp-content\/uploads\/2023\/09\/Etiquette-vin-murailles-blanc-henri-badoux-e1695634834516.jpg 757w, https:\/\/murailles.ch\/wp-content\/uploads\/2023\/09\/Etiquette-vin-murailles-blanc-henri-badoux-e1695634834516-300x238.jpg 300w\" sizes=\"(max-width: 757px) 100vw, 757px\" \/>        <\/div>\n    \n    <div class=\"content\">\n                    <h2 class=\"block-title title-h2\">\n                Der Etikett-Maler Fr\u00e9d\u00e9ric Rouge            <\/h2>\n        \n                    <div class=\"block-texte wysiwyg-content light\">\n                <p>Der aus Aigle stammende Maler <a href=\"https:\/\/www.frederic-rouge-peintre.ch\/\" target=\"_blank\" rel=\"noopener\">Fr\u00e9d\u00e9ric Rouge<\/a> schuf 1918 inspiriert von der ihn umgebenden Natur das <strong>Etikett<\/strong> f\u00fcr den Aigle les Murailles. Um sein Werk zu vollbringen, bezog der K\u00fcnstler Stellung inmitten des Weinbergs. Dabei fiel sein Blick mehrfach auf die legend\u00e4re, smaragdgr\u00fcn schimmernde <strong>Eidechse<\/strong>, die kriechend durch das zwischen den Rebst\u00f6cken emporwachsende Gras streifte. Das Murailles-Etikett blieb seither unver\u00e4ndert und ist der ganze Stolz des Maison Henri Badoux.<\/p>\n            <\/div>\n        \n            <\/div>\n<\/section>\n\n\n\n<section class=\"gut-block gut-contenu-50-50 disposition-right bg-color-vert\" >\n            <div class=\"img\">\n            <img decoding=\"async\" width=\"800\" height=\"533\" src=\"https:\/\/murailles.ch\/wp-content\/uploads\/2023\/06\/HenriBadoux-Vendange-allink-E4A1735.jpg\" class=\"attachment-banner size-banner\" alt=\"Erntek\u00e4sten, Trauben der Rebsorte Chasselas\" srcset=\"https:\/\/murailles.ch\/wp-content\/uploads\/2023\/06\/HenriBadoux-Vendange-allink-E4A1735.jpg 800w, https:\/\/murailles.ch\/wp-content\/uploads\/2023\/06\/HenriBadoux-Vendange-allink-E4A1735-300x200.jpg 300w, https:\/\/murailles.ch\/wp-content\/uploads\/2023\/06\/HenriBadoux-Vendange-allink-E4A1735-768x512.jpg 768w\" sizes=\"(max-width: 800px) 100vw, 800px\" \/>        <\/div>\n    \n    <div class=\"content\">\n                    <h2 class=\"block-title title-h2\">\n                Die Rebsorte Chasselas als Ikone            <\/h2>\n        \n                    <div class=\"block-texte wysiwyg-content light\">\n                <p>Die Spuren des ikonischen <strong>Chasselas<\/strong> reichen zur\u00fcck bis ins 17.\u00a0Jahrhundert. Die urspr\u00fcnglich im Genferseeraum beheimatete Rebsorte war vorerst unter der Bezeichnung Fendant bekannt, weil die Haut der Trauben beim Zusammendr\u00fccken mit den Fingern \u00abplatzte\u00bb (se fendre).<\/p>\n<p>Der Chasselas bringt als schweizweit am weitesten verbreitete <strong>weisse Rebsorte<\/strong> das jeweilige Terroir stets in all seinen Facetten zum Ausdruck. Er wird haupts\u00e4chlich im sogenannten \u00abChasselas-Dreieck\u00bb der Kantone Waadt, Wallis, Genf und Neuenburg angebaut.<\/p>\n            <\/div>\n        \n            <\/div>\n<\/section>\n\n\n\n<section class=\"gut-block gut-temoignage bg-color-none\" >\n    <div class=\"wrap\">\n                    <h2 class=\"block-title title-h2\">\n                Portrait der \u00d6nologin Marjorie Bonvin            <\/h2>\n                \n        <div class=\"container\">\n                            <div class=\"img\">\n                    <img decoding=\"async\" width=\"800\" height=\"600\" src=\"https:\/\/murailles.ch\/wp-content\/uploads\/2023\/09\/Marjorie-Bonvin-oenologue-henri-badoux-aigle-vin-murailles.jpg\" class=\"attachment-banner size-banner\" alt=\"Marjorie Bonvin \u00d6nologin des Hauses Henri Badoux in Aigle.\" srcset=\"https:\/\/murailles.ch\/wp-content\/uploads\/2023\/09\/Marjorie-Bonvin-oenologue-henri-badoux-aigle-vin-murailles.jpg 800w, https:\/\/murailles.ch\/wp-content\/uploads\/2023\/09\/Marjorie-Bonvin-oenologue-henri-badoux-aigle-vin-murailles-300x225.jpg 300w, https:\/\/murailles.ch\/wp-content\/uploads\/2023\/09\/Marjorie-Bonvin-oenologue-henri-badoux-aigle-vin-murailles-768x576.jpg 768w\" sizes=\"(max-width: 800px) 100vw, 800px\" \/>                <\/div>\n            \n                            <div class=\"content\">\n                                            <div class=\"block-intro wysiwyg-content\">\n                            <p>Unsere <strong>\u00d6nologin<\/strong> Marjorie Bonvin war seit ihrer Kindheit von der Weinwirtschaft begeistert. Bereits als Kleinkind lief sie mit ihrem Grossvater kreuz und quer durch die Rebanlagen. Er war es auch, der ihr seine Liebe f\u00fcr die Natur und die Bearbeitung des Bodens vermittelte.<\/p>\n<p>Gleich nach Abschluss ihres EFZ als Winzerin und Weintechnologin absolvierte sie auch die Berufspr\u00fcfung (BP) sowie die H\u00f6here Fachpr\u00fcfung (HFP) im Bereich Weintechnologie. Seit 2011 \u00fcberwacht Marjorie die Entstehung der verschiedenen Crus des Maison Henri Badoux. Im Mai 2021 \u00fcbernahm sie die Leitung der Abteilungen Produktion, Vinifikation und \u00d6nologie.<\/p>\n                        <\/div>\n                    \n                                            <figure class=\"citation\">\n                                                            <figcaption>Marjorie Bonvin \u2014 \u00d6nologin <\/figcaption>\n                            \n                                                            <blockquote class=\"wysiwyg-content\">\n                                    <p><strong>Marjorie Bonvin<\/strong> herausragendes Talent wurde bereits mehrfach ausgezeichnet. So etwa wurde das Maison Henri Badoux beim Grand Prix du Vin Suisse ausgezeichnet, beim Weinwettbewerb <a href=\"https:\/\/www.mondialduchasselas.com\/\" target=\"_blank\" rel=\"noopener\">Mondial du Chasselas<\/a> ausgew\u00e4hlt, und kam beim <a href=\"https:\/\/concoursmondial.com\/fr\/\" target=\"_blank\" rel=\"noopener\">Concours Mondial de Bruxelles<\/a> unter die Top 3 der besten Ros\u00e9weine.<\/p>\n                                <\/blockquote>\n                                                    <\/figure>\n                                    <\/div>\n                    <\/div>\n    <\/div>\n<\/section>","protected":false},"excerpt":{"rendered":"","protected":false},"author":1,"featured_media":2858,"parent":0,"menu_order":0,"comment_status":"closed","ping_status":"closed","template":"","meta":{"_acf_changed":false,"inline_featured_image":false,"footnotes":""},"acf":[],"yoast_head":"<!-- This site is optimized with the Yoast SEO plugin v24.5 - https:\/\/yoast.com\/wordpress\/plugins\/seo\/ -->\n<title>Die Marke Murailles - Weine Henri Badoux<\/title>\n<meta name=\"description\" content=\"Hier finden Sie alle Informationen \u00fcber die ber\u00fchmte Marke Murailles d&#039;Aigle, Eidechsliwein Henri Badoux: Geschichte, Weinberge, Etikett.\" \/>\n<meta name=\"robots\" content=\"index, follow, max-snippet:-1, max-image-preview:large, max-video-preview:-1\" \/>\n<link rel=\"canonical\" href=\"https:\/\/murailles.ch\/de\/marke-murailles\/\" \/>\n<meta property=\"og:locale\" content=\"de_DE\" \/>\n<meta property=\"og:type\" content=\"article\" \/>\n<meta property=\"og:title\" content=\"Die Marke Murailles - Weine Henri Badoux\" \/>\n<meta property=\"og:description\" content=\"Hier finden Sie alle Informationen \u00fcber die ber\u00fchmte Marke Murailles d&#039;Aigle, Eidechsliwein Henri Badoux: Geschichte, Weinberge, Etikett.\" \/>\n<meta property=\"og:url\" content=\"https:\/\/murailles.ch\/de\/marke-murailles\/\" \/>\n<meta property=\"og:site_name\" content=\"Murailles\" \/>\n<meta property=\"article:modified_time\" content=\"2024-01-08T14:38:34+00:00\" \/>\n<meta property=\"og:image\" content=\"https:\/\/murailles.ch\/wp-content\/uploads\/2023\/11\/vin-aigle-les-murailles-badoux.jpg\" \/>\n\t<meta property=\"og:image:width\" content=\"92\" \/>\n\t<meta property=\"og:image:height\" content=\"92\" \/>\n\t<meta property=\"og:image:type\" content=\"image\/jpeg\" \/>\n<meta name=\"twitter:card\" content=\"summary_large_image\" \/>\n<meta name=\"twitter:label1\" content=\"Gesch\u00e4tzte Lesezeit\" \/>\n\t<meta name=\"twitter:data1\" content=\"4\u00a0Minuten\" \/>\n<script type=\"application\/ld+json\" class=\"yoast-schema-graph\">{\"@context\":\"https:\/\/schema.org\",\"@graph\":[{\"@type\":\"WebPage\",\"@id\":\"https:\/\/murailles.ch\/de\/marke-murailles\/\",\"url\":\"https:\/\/murailles.ch\/de\/marke-murailles\/\",\"name\":\"Die Marke Murailles - Weine Henri Badoux\",\"isPartOf\":{\"@id\":\"https:\/\/murailles.ch\/de\/#website\"},\"primaryImageOfPage\":{\"@id\":\"https:\/\/murailles.ch\/de\/marke-murailles\/#primaryimage\"},\"image\":{\"@id\":\"https:\/\/murailles.ch\/de\/marke-murailles\/#primaryimage\"},\"thumbnailUrl\":\"https:\/\/murailles.ch\/wp-content\/uploads\/2023\/11\/vin-aigle-les-murailles-badoux.jpg\",\"datePublished\":\"2023-06-26T09:40:50+00:00\",\"dateModified\":\"2024-01-08T14:38:34+00:00\",\"description\":\"Hier finden Sie alle Informationen \u00fcber die ber\u00fchmte Marke Murailles d'Aigle, Eidechsliwein Henri Badoux: Geschichte, Weinberge, Etikett.\",\"breadcrumb\":{\"@id\":\"https:\/\/murailles.ch\/de\/marke-murailles\/#breadcrumb\"},\"inLanguage\":\"de\",\"potentialAction\":[{\"@type\":\"ReadAction\",\"target\":[\"https:\/\/murailles.ch\/de\/marke-murailles\/\"]}]},{\"@type\":\"ImageObject\",\"inLanguage\":\"de\",\"@id\":\"https:\/\/murailles.ch\/de\/marke-murailles\/#primaryimage\",\"url\":\"https:\/\/murailles.ch\/wp-content\/uploads\/2023\/11\/vin-aigle-les-murailles-badoux.jpg\",\"contentUrl\":\"https:\/\/murailles.ch\/wp-content\/uploads\/2023\/11\/vin-aigle-les-murailles-badoux.jpg\",\"width\":92,\"height\":92,\"caption\":\"Aigle les Murailles, le vin blanc iconique de la Maison Henri Badoux.\"},{\"@type\":\"BreadcrumbList\",\"@id\":\"https:\/\/murailles.ch\/de\/marke-murailles\/#breadcrumb\",\"itemListElement\":[{\"@type\":\"ListItem\",\"position\":1,\"name\":\"Accueil\",\"item\":\"https:\/\/murailles.ch\/de\/\"},{\"@type\":\"ListItem\",\"position\":2,\"name\":\"Die Marke Murailles\"}]},{\"@type\":\"WebSite\",\"@id\":\"https:\/\/murailles.ch\/de\/#website\",\"url\":\"https:\/\/murailles.ch\/de\/\",\"name\":\"Murailles\",\"description\":\"\",\"publisher\":{\"@id\":\"https:\/\/murailles.ch\/de\/#organization\"},\"potentialAction\":[{\"@type\":\"SearchAction\",\"target\":{\"@type\":\"EntryPoint\",\"urlTemplate\":\"https:\/\/murailles.ch\/de\/?s={search_term_string}\"},\"query-input\":{\"@type\":\"PropertyValueSpecification\",\"valueRequired\":true,\"valueName\":\"search_term_string\"}}],\"inLanguage\":\"de\"},{\"@type\":\"Organization\",\"@id\":\"https:\/\/murailles.ch\/de\/#organization\",\"name\":\"Murailles\",\"url\":\"https:\/\/murailles.ch\/de\/\",\"logo\":{\"@type\":\"ImageObject\",\"inLanguage\":\"de\",\"@id\":\"https:\/\/murailles.ch\/de\/#\/schema\/logo\/image\/\",\"url\":\"https:\/\/murailles.ch\/wp-content\/uploads\/2023\/06\/logo-murailles.svg\",\"contentUrl\":\"https:\/\/murailles.ch\/wp-content\/uploads\/2023\/06\/logo-murailles.svg\",\"width\":119,\"height\":40,\"caption\":\"Murailles\"},\"image\":{\"@id\":\"https:\/\/murailles.ch\/de\/#\/schema\/logo\/image\/\"}}]}<\/script>\n<!-- \/ Yoast SEO plugin. -->","yoast_head_json":{"title":"Die Marke Murailles - Weine Henri Badoux","description":"Hier finden Sie alle Informationen \u00fcber die ber\u00fchmte Marke Murailles d'Aigle, Eidechsliwein Henri Badoux: Geschichte, Weinberge, Etikett.","robots":{"index":"index","follow":"follow","max-snippet":"max-snippet:-1","max-image-preview":"max-image-preview:large","max-video-preview":"max-video-preview:-1"},"canonical":"https:\/\/murailles.ch\/de\/marke-murailles\/","og_locale":"de_DE","og_type":"article","og_title":"Die Marke Murailles - Weine Henri Badoux","og_description":"Hier finden Sie alle Informationen \u00fcber die ber\u00fchmte Marke Murailles d'Aigle, Eidechsliwein Henri Badoux: Geschichte, Weinberge, Etikett.","og_url":"https:\/\/murailles.ch\/de\/marke-murailles\/","og_site_name":"Murailles","article_modified_time":"2024-01-08T14:38:34+00:00","og_image":[{"width":92,"height":92,"url":"https:\/\/murailles.ch\/wp-content\/uploads\/2023\/11\/vin-aigle-les-murailles-badoux.jpg","type":"image\/jpeg"}],"twitter_card":"summary_large_image","twitter_misc":{"Gesch\u00e4tzte Lesezeit":"4\u00a0Minuten"},"schema":{"@context":"https:\/\/schema.org","@graph":[{"@type":"WebPage","@id":"https:\/\/murailles.ch\/de\/marke-murailles\/","url":"https:\/\/murailles.ch\/de\/marke-murailles\/","name":"Die Marke Murailles - Weine Henri Badoux","isPartOf":{"@id":"https:\/\/murailles.ch\/de\/#website"},"primaryImageOfPage":{"@id":"https:\/\/murailles.ch\/de\/marke-murailles\/#primaryimage"},"image":{"@id":"https:\/\/murailles.ch\/de\/marke-murailles\/#primaryimage"},"thumbnailUrl":"https:\/\/murailles.ch\/wp-content\/uploads\/2023\/11\/vin-aigle-les-murailles-badoux.jpg","datePublished":"2023-06-26T09:40:50+00:00","dateModified":"2024-01-08T14:38:34+00:00","description":"Hier finden Sie alle Informationen \u00fcber die ber\u00fchmte Marke Murailles d'Aigle, Eidechsliwein Henri Badoux: Geschichte, Weinberge, Etikett.","breadcrumb":{"@id":"https:\/\/murailles.ch\/de\/marke-murailles\/#breadcrumb"},"inLanguage":"de","potentialAction":[{"@type":"ReadAction","target":["https:\/\/murailles.ch\/de\/marke-murailles\/"]}]},{"@type":"ImageObject","inLanguage":"de","@id":"https:\/\/murailles.ch\/de\/marke-murailles\/#primaryimage","url":"https:\/\/murailles.ch\/wp-content\/uploads\/2023\/11\/vin-aigle-les-murailles-badoux.jpg","contentUrl":"https:\/\/murailles.ch\/wp-content\/uploads\/2023\/11\/vin-aigle-les-murailles-badoux.jpg","width":92,"height":92,"caption":"Aigle les Murailles, le vin blanc iconique de la Maison Henri Badoux."},{"@type":"BreadcrumbList","@id":"https:\/\/murailles.ch\/de\/marke-murailles\/#breadcrumb","itemListElement":[{"@type":"ListItem","position":1,"name":"Accueil","item":"https:\/\/murailles.ch\/de\/"},{"@type":"ListItem","position":2,"name":"Die Marke Murailles"}]},{"@type":"WebSite","@id":"https:\/\/murailles.ch\/de\/#website","url":"https:\/\/murailles.ch\/de\/","name":"Murailles","description":"","publisher":{"@id":"https:\/\/murailles.ch\/de\/#organization"},"potentialAction":[{"@type":"SearchAction","target":{"@type":"EntryPoint","urlTemplate":"https:\/\/murailles.ch\/de\/?s={search_term_string}"},"query-input":{"@type":"PropertyValueSpecification","valueRequired":true,"valueName":"search_term_string"}}],"inLanguage":"de"},{"@type":"Organization","@id":"https:\/\/murailles.ch\/de\/#organization","name":"Murailles","url":"https:\/\/murailles.ch\/de\/","logo":{"@type":"ImageObject","inLanguage":"de","@id":"https:\/\/murailles.ch\/de\/#\/schema\/logo\/image\/","url":"https:\/\/murailles.ch\/wp-content\/uploads\/2023\/06\/logo-murailles.svg","contentUrl":"https:\/\/murailles.ch\/wp-content\/uploads\/2023\/06\/logo-murailles.svg","width":119,"height":40,"caption":"Murailles"},"image":{"@id":"https:\/\/murailles.ch\/de\/#\/schema\/logo\/image\/"}}]}},"_links":{"self":[{"href":"https:\/\/murailles.ch\/de\/wp-json\/wp\/v2\/pages\/779"}],"collection":[{"href":"https:\/\/murailles.ch\/de\/wp-json\/wp\/v2\/pages"}],"about":[{"href":"https:\/\/murailles.ch\/de\/wp-json\/wp\/v2\/types\/page"}],"author":[{"embeddable":true,"href":"https:\/\/murailles.ch\/de\/wp-json\/wp\/v2\/users\/1"}],"replies":[{"embeddable":true,"href":"https:\/\/murailles.ch\/de\/wp-json\/wp\/v2\/comments?post=779"}],"version-history":[{"count":34,"href":"https:\/\/murailles.ch\/de\/wp-json\/wp\/v2\/pages\/779\/revisions"}],"predecessor-version":[{"id":3151,"href":"https:\/\/murailles.ch\/de\/wp-json\/wp\/v2\/pages\/779\/revisions\/3151"}],"wp:featuredmedia":[{"embeddable":true,"href":"https:\/\/murailles.ch\/de\/wp-json\/wp\/v2\/media\/2858"}],"wp:attachment":[{"href":"https:\/\/murailles.ch\/de\/wp-json\/wp\/v2\/media?parent=779"}],"curies":[{"name":"wp","href":"https:\/\/api.w.org\/{rel}","templated":true}]}}